{"id":21,"date":"2024-08-08T10:01:48","date_gmt":"2024-08-07T22:01:48","guid":{"rendered":"https:\/\/fndgroup.co.nz\/?page_id=21"},"modified":"2025-05-23T16:44:28","modified_gmt":"2025-05-23T04:44:28","slug":"about-us","status":"publish","type":"page","link":"https:\/\/fndgroup.co.nz\/vi\/about-us\/","title":{"rendered":"Th\u00f4ng tin"},"content":{"rendered":"<section data-row-bg=\"https:\/\/fndgroup.co.nz\/wp-content\/uploads\/2024\/08\/About-Us-Hero-Banner.png?id=196\" style=\"background-position:center center !important;\" data-bg-image=\"url\" class=\"vc_row vc_custom_1723179011077 liquid-row-shadowbox-69d368c3470c5 vc_row-has-fill vc_row-has-bg lqd-has-bg-markup row-bg-appended vc_row-o-full-height\"><span class=\"row-bg-loader\"><\/span><div class=\"row-bg-wrap\">\n\t\t<div class=\"row-bg-inner\">\n\t\t\t<figure class=\"row-bg\" ><\/figure>\n\t\t<\/div>\n\t<\/div><div class=\"ld-container container\"><div class=\"row ld-row ld-row-outer vc_row-has-column-align vc_row-o-columns-middle vc_row-o-content-middle vc_row-flex\"><div class=\"wpb_column vc_column_container vc_col-sm-12 vc_col-md-offset-2 vc_col-md-8 text-center liquid-column-69d368c347305\"><div class=\"vc_column-inner\" ><div class=\"wpb_wrapper\"  ><style>.ld_fancy_heading_69d368c34747b p{color:#fef5e4;}.ld_fancy_heading_69d368c34747b .lqd-highlight-inner{height:0.275em!important;bottom:0px!important;}<\/style><div class=\"ld-fancy-heading subtitle-text ld_fancy_heading_69d368c34747b\">\n\t<p class=\"ld-fh-element lqd-highlight-underline lqd-highlight-grow-left text-decoration-default\"   >  T\u00ecm hi\u1ec3u c\u00e2u chuy\u1ec7n c\u1ee7a ch\u00fang t\u00f4i v\u00e0 \u0111\u1ed9i ng\u0169 c\u1ee7a ch\u00fang t\u00f4i<\/p><\/div>\n\t<div  class=\"wpb_single_image wpb_content_element vc_align_  liquid_vc_single_image-69d368c349f47\">\n\t\t\n\t\t<figure class=\"wpb_wrapper vc_figure\">\n\t\t\t<div class=\"vc_single_image-wrapper\"><img decoding=\"async\" width=\"492\" height=\"143\" src=\"data:image\/svg+xml;charset=utf-8,%3Csvg xmlns%3D&#039;http%3A%2F%2Fwww.w3.org%2F2000%2Fsvg&#039; viewBox%3D&#039;0 0 492 143&#039;%2F%3E\" class=\"vc_single_image-img attachment-full ld-lazyload\" alt=\"\" title=\"About Us Hero Title - Vietnamese\" itemprop=\"image\" data-src=\"https:\/\/fndgroup.co.nz\/wp-content\/uploads\/2024\/08\/About-Us-Hero-Title-Vietnamese.png\" data-srcset=\"https:\/\/fndgroup.co.nz\/wp-content\/uploads\/2024\/08\/About-Us-Hero-Title-Vietnamese.png 492w, https:\/\/fndgroup.co.nz\/wp-content\/uploads\/2024\/08\/About-Us-Hero-Title-Vietnamese-300x87.png 300w, https:\/\/fndgroup.co.nz\/wp-content\/uploads\/2024\/08\/About-Us-Hero-Title-Vietnamese-18x5.png 18w\" data-sizes=\"(max-width: 492px) 100vw, 492px\" data-aspect=\"3.4405594405594\" \/><\/div>\n\t\t<\/figure>\n\t<\/div>\n<\/div><\/div><\/div><\/div><\/div><\/section><section data-bg-image=\"url\" class=\"vc_row vc_custom_1723178051103 liquid-row-shadowbox-69d368c34a0a7 vc_row-has-fill vc_row-has-bg\"><div class=\"ld-container container\"><div class=\"row ld-row ld-row-outer\"><div class=\"wpb_column vc_column_container vc_col-sm-12 vc_col-md-offset-1 vc_col-md-10 text-center liquid-column-69d368c34a29b\"><div class=\"vc_column-inner\" ><div class=\"wpb_wrapper\"  >\n\t<div  class=\"wpb_single_image wpb_content_element vc_align_  liquid_vc_single_image-69d368c34db03\">\n\t\t\n\t\t<figure class=\"wpb_wrapper vc_figure\">\n\t\t\t<div class=\"vc_single_image-wrapper\"><img decoding=\"async\" width=\"623\" height=\"101\" src=\"data:image\/svg+xml;charset=utf-8,%3Csvg xmlns%3D&#039;http%3A%2F%2Fwww.w3.org%2F2000%2Fsvg&#039; viewBox%3D&#039;0 0 623 101&#039;%2F%3E\" class=\"vc_single_image-img attachment-full ld-lazyload\" alt=\"\" title=\"Our Story Section Title - Vietnamese\" itemprop=\"image\" data-src=\"https:\/\/fndgroup.co.nz\/wp-content\/uploads\/2024\/08\/Our-Story-Section-Title-Vietnamese-1.png\" data-srcset=\"https:\/\/fndgroup.co.nz\/wp-content\/uploads\/2024\/08\/Our-Story-Section-Title-Vietnamese-1.png 623w, https:\/\/fndgroup.co.nz\/wp-content\/uploads\/2024\/08\/Our-Story-Section-Title-Vietnamese-1-300x49.png 300w, https:\/\/fndgroup.co.nz\/wp-content\/uploads\/2024\/08\/Our-Story-Section-Title-Vietnamese-1-18x3.png 18w\" data-sizes=\"(max-width: 623px) 100vw, 623px\" data-aspect=\"6.1683168316832\" \/><\/div>\n\t\t<\/figure>\n\t<\/div>\n<style>.ld_spacer_69d368c34db60{height:25px;}<\/style>\n<div class=\"ld-empty-space ld_spacer_69d368c34db60\"><\/div><style>.ld_fancy_heading_69d368c34dc9f p{color:#00522b;}.ld_fancy_heading_69d368c34dc9f .lqd-highlight-inner{height:0.275em!important;bottom:0px!important;}<\/style><div class=\"ld-fancy-heading ld_fancy_heading_69d368c34dc9f\">\n\t<p class=\"ld-fh-element lqd-highlight-underline lqd-highlight-grow-left text-decoration-default\"   >  FND Group \u0111\u01b0\u1ee3c th\u00e0nh l\u1eadp v\u00e0o n\u0103m 2019 v\u1edbi s\u1ee9 m\u1ec7nh mang \u0111\u1ebfn cho th\u1ef1c kh\u00e1ch t\u1ea1i New Zealand nh\u1eefng tr\u1ea3i nghi\u1ec7m \u1ea9m th\u1ef1c \u0111\u1ed9c \u0111\u00e1o v\u00e0 \u0111a d\u1ea1ng t\u1eeb kh\u1eafp n\u01a1i tr\u00ean th\u1ebf gi\u1edbi.\nNh\u1eefng n\u1ed7 l\u1ef1c c\u1ee7a c\u00e1c th\u00e0nh vi\u00ean \u0111\u00e3 gi\u00fap FND Group d\u1ea7n kh\u1eb3ng \u0111\u1ecbnh \u0111\u01b0\u1ee3c v\u1ecb th\u1ebf tr\u00ean th\u1ecb tr\u01b0\u1eddng v\u00e0 g\u1eb7t h\u00e1i nhi\u1ec1u th\u00e0nh c\u00f4ng. Ch\u1ec9 trong v\u00f2ng 4 n\u0103m FND Group \u0111\u00e3 ph\u00e1t tri\u1ec3n m\u1ea1nh m\u1ebd, m\u1edf r\u1ed9ng th\u00e0nh chu\u1ed7i nh\u00e0 h\u00e0ng v\u1edbi h\u01a1n 20 chi nh\u00e1nh tr\u00ean kh\u1eafp New Zealand.<\/p>\n<p>Trong b\u1ed1i c\u1ea3nh ng\u00e0nh c\u00f4ng nghi\u1ec7p \u1ea9m th\u1ef1c ng\u00e0y c\u00e0ng ph\u00e1t tri\u1ec3n v\u00e0 c\u1ea1nh tranh kh\u1ed1c li\u1ec7t, vi\u1ec7c t\u00ecm ra m\u1ed9t gi\u1ea3i ph\u00e1p t\u1ed1i \u01b0u \u0111\u1ec3 duy tr\u00ec ch\u1ea5t l\u01b0\u1ee3ng, \u0111\u01a1n gi\u1ea3n h\u00f3a quy tr\u00ecnh v\u00e0 t\u1ed1i \u01b0u h\u00f3a hi\u1ec7u qu\u1ea3 ho\u1ea1t \u0111\u1ed9ng l\u00e0 m\u1ed9t th\u00e1ch th\u1ee9c l\u1edbn \u0111\u1ed1i v\u1edbi c\u00e1c ch\u1ee7 s\u1edf h\u1eefu nh\u01b0\u1ee3ng quy\u1ec1n (franchise). Hi\u1ec3u \u0111\u01b0\u1ee3c nhu c\u1ea7u n\u00e0y, FND Group \u0111\u00e3 th\u00e0nh l\u1eadp Main Kitchen \u2013 m\u1ed9t gi\u1ea3i ph\u00e1p gi\u00fap c\u00e1c franchise kh\u00f4ng c\u1ea7n ph\u1ea3i lo l\u1eafng v\u1ec1 vi\u1ec7c t\u00ecm ngu\u1ed3n cung c\u1ea5p h\u00e0ng h\u00f3a v\u00e0 \u0111\u1ea3m b\u1ea3o ch\u1ea5t l\u01b0\u1ee3ng th\u1ef1c ph\u1ea9m.\n\u0110\u01b0\u1ee3c d\u1eabn d\u1eaft b\u1edfi b\u1ebfp tr\u01b0\u1edfng t\u00e0i ba v\u1edbi h\u01a1n 20 n\u0103m kinh nghi\u1ec7m t\u1ea1i c\u00e1c kh\u00e1ch s\u1ea1n 5 sao, nh\u00e0 h\u00e0ng cao c\u1ea5p v\u00e0 c\u00e1c khu \u1ea9m th\u1ef1c \u0111\u01b0\u1eddng ph\u1ed1 s\u00f4i \u0111\u1ed9ng tr\u00ean kh\u1eafp th\u1ebf gi\u1edbi. B\u1eb1ng ch\u1ee9ng cho s\u1ef1 xu\u1ea5t s\u1eafc \u0111\u00f3 l\u00e0 th\u00e0nh t\u00edch \u1ea5n t\u01b0\u1ee3ng: gi\u00e0nh gi\u1ea3i nh\u1ea5t v\u00e0 nh\u00ec t\u1ea1i \"Taste of Auckland\" trong b\u1ed1n n\u0103m li\u00ean ti\u1ebfp. V\u1edbi ni\u1ec1m \u0111am m\u00ea \u1ea9m th\u1ef1c m\u00e3nh li\u1ec7t v\u00e0 k\u1ef9 n\u0103ng n\u1ea5u n\u01b0\u1edbng \u0111i\u00eau luy\u1ec7n, \u00f4ng \u0111\u00e3 d\u1eabn d\u1eaft \u0111\u1ed9i ng\u0169 FND Food chinh ph\u1ee5c th\u1ef1c kh\u00e1ch b\u1eb1ng nh\u1eefng m\u00f3n \u0103n th\u01a1m ngon, chu\u1ea9n v\u1ecb. kh\u1eb3ng \u0111\u1ecbnh v\u1ecb th\u1ebf d\u1eabn \u0111\u1ea7u c\u1ee7a FND Food trong l\u0129nh v\u1ef1c \u1ea9m th\u1ef1c t\u1ea1i New Zealand<\/p>\n<p>FND Group t\u1ef1 h\u00e0o l\u00e0 c\u00f4ng ty h\u00e0ng \u0111\u1ea7u trong l\u0129nh v\u1ef1c kinh doanh nh\u01b0\u1ee3ng quy\u1ec1n \u1ea9m th\u1ef1c, mang \u0111\u1ebfn cho b\u1ea1n c\u01a1 h\u1ed9i kinh doanh \u1ea9m th\u1ef1c \u0111\u01a1n gi\u1ea3n v\u00e0 hi\u1ec7u qu\u1ea3. \n\u0110\u1ebfn v\u1edbi FND Group, b\u1ea1n c\u00f3 c\u01a1 h\u1ed9i tr\u1edf th\u00e0nh ch\u1ee7 s\u1edf h\u1eefu nh\u01b0\u1ee3ng quy\u1ec1n th\u00e0nh c\u00f4ng ngay c\u1ea3 khi b\u1ea1n ch\u01b0a c\u00f3 b\u1ea5t k\u1ef3 kinh nghi\u1ec7m n\u00e0o v\u1ec1 kinh doanh hay \u1ea9m th\u1ef1c. V\u1edbi h\u1ec7 th\u1ed1ng h\u1ed7 tr\u1ee3 to\u00e0n di\u1ec7n, th\u01b0\u01a1ng hi\u1ec7u uy t\u00edn, s\u1ea3n ph\u1ea9m ch\u1ea5t l\u01b0\u1ee3ng v\u00e0 l\u1ee3i nhu\u1eadn h\u1ea5p d\u1eabn, FND Group l\u00e0 l\u1ef1a ch\u1ecdn ho\u00e0n h\u1ea3o cho nh\u1eefng ai mong mu\u1ed1n kh\u1edfi nghi\u1ec7p th\u00e0nh c\u00f4ng trong l\u0129nh v\u1ef1c \u1ea9m th\u1ef1c.<\/p><\/div><\/div><\/div><\/div><\/div><\/div><\/section><section data-bg-image=\"url\" class=\"vc_row light-green-bg vc_custom_1723178195059 liquid-row-shadowbox-69d368c34def3 vc_row-has-fill vc_row-has-bg\"><div class=\"ld-container container\"><div class=\"row ld-row ld-row-outer\"><div class=\"wpb_column vc_column_container vc_col-sm-12 vc_col-md-offset-1 vc_col-md-10 text-center liquid-column-69d368c34e09e\"><div class=\"vc_column-inner\" ><div class=\"wpb_wrapper\"  >\n\t<div  class=\"wpb_single_image wpb_content_element vc_align_  liquid_vc_single_image-69d368c351873\">\n\t\t\n\t\t<figure class=\"wpb_wrapper vc_figure\">\n\t\t\t<div class=\"vc_single_image-wrapper\"><img decoding=\"async\" width=\"623\" height=\"101\" src=\"data:image\/svg+xml;charset=utf-8,%3Csvg xmlns%3D&#039;http%3A%2F%2Fwww.w3.org%2F2000%2Fsvg&#039; viewBox%3D&#039;0 0 623 101&#039;%2F%3E\" class=\"vc_single_image-img attachment-full ld-lazyload\" alt=\"\" title=\"Our Team Section Title - Vietnamese\" itemprop=\"image\" data-src=\"https:\/\/fndgroup.co.nz\/wp-content\/uploads\/2024\/08\/Our-Team-Section-Title-Vietnamese.png\" data-srcset=\"https:\/\/fndgroup.co.nz\/wp-content\/uploads\/2024\/08\/Our-Team-Section-Title-Vietnamese.png 623w, https:\/\/fndgroup.co.nz\/wp-content\/uploads\/2024\/08\/Our-Team-Section-Title-Vietnamese-300x49.png 300w, https:\/\/fndgroup.co.nz\/wp-content\/uploads\/2024\/08\/Our-Team-Section-Title-Vietnamese-18x3.png 18w\" data-sizes=\"(max-width: 623px) 100vw, 623px\" data-aspect=\"6.1683168316832\" \/><\/div>\n\t\t<\/figure>\n\t<\/div>\n<style>.ld_spacer_69d368c3518c9{height:25px;}<\/style>\n<div class=\"ld-empty-space ld_spacer_69d368c3518c9\"><\/div><style>.ld_fancy_heading_69d368c3519dd p{color:#00522b;}.ld_fancy_heading_69d368c3519dd .lqd-highlight-inner{height:0.275em!important;bottom:0px!important;}<\/style><div class=\"ld-fancy-heading ld_fancy_heading_69d368c3519dd\">\n\t<p class=\"ld-fh-element lqd-highlight-underline lqd-highlight-grow-left text-decoration-default\"   >  T\u1ea1i FND Group t\u1ea5t c\u1ea3 c\u00e1c th\u00e0nh vi\u00ean \u0111\u1ec1u c\u00f3 tr\u00ecnh \u0111\u1ed9 chuy\u00ean m\u00f4n, c\u00f3 quy\u1ebft t\u00e2m ph\u00e1t tri\u1ec3n ngh\u1ec1 nghi\u1ec7p, c\u00f3 tinh th\u1ea7n tr\u00e1ch nhi\u1ec7m v\u00e0 k\u1ec9 lu\u1eadt cao. FND tin r\u1eb1ng s\u1ef1 k\u1ebft h\u1ee3p gi\u1eefa \u0111am m\u00ea \u1ea9m th\u1ef1c v\u00e0 kh\u1ea3 n\u0103ng kinh doanh s\u1eafc b\u00e9n l\u00e0 n\u1ec1n t\u1ea3ng v\u1eefng ch\u1eafc cho s\u1ef1 th\u00e0nh c\u00f4ng c\u1ee7a c\u00e1c nh\u00e0 nh\u01b0\u1ee3ng quy\u1ec1n. Ch\u00fang t\u00f4i t\u1ef1 h\u00e0o v\u1ec1 \u0111\u1ed9i ng\u0169 nh\u00e2n s\u1ef1 xu\u1ea5t s\u1eafc v\u00e0 chuy\u00ean nghi\u1ec7p, \u0111\u00f3ng vai tr\u00f2 then ch\u1ed1t trong vi\u1ec7c t\u1ea1o n\u00ean th\u00e0nh c\u00f4ng v\u00e0 uy t\u00edn c\u1ee7a c\u00f4ng ty.<\/p>\n<p>\u0110\u1ed9i ng\u0169 nh\u00e2n s\u1ef1 c\u1ee7a ch\u00fang t\u00f4i kh\u00f4ng ch\u1ec9 c\u00f3 ki\u1ebfn th\u1ee9c s\u00e2u r\u1ed9ng v\u1ec1 ng\u00e0nh \u1ea9m th\u1ef1c m\u00e0 c\u00f2n s\u1edf h\u1eefu k\u1ef9 n\u0103ng qu\u1ea3n l\u00fd v\u00e0 kinh doanh v\u01b0\u1ee3t tr\u1ed9i, \u0111\u1ea3m b\u1ea3o m\u1ecdi ho\u1ea1t \u0111\u1ed9ng di\u1ec5n ra su\u00f4n s\u1ebb v\u00e0 hi\u1ec7u qu\u1ea3.<\/p>\n<p>\u00a0Ch\u00ednh nh\u1eefng con ng\u01b0\u1eddi c\u1ee7a FND Group \u0111\u00e3 l\u00e0m n\u00ean nh\u1eefng gi\u00e1 tr\u1ecb t\u1ed1t \u0111\u1eb9p, nh\u1eefng s\u1ea3n ph\u1ea9m v\u00e0 d\u1ecbch v\u1ee5 t\u1ed1t nh\u1ea5t g\u00f3p ph\u1ea7n v\u00e0o s\u1ef1 th\u00e0nh c\u00f4ng v\u00e0 ph\u00e1t tri\u1ec3n b\u1ec1n v\u1eefng c\u1ee7a c\u00f4ng ty.<\/p><\/div><style>.ld_spacer_69d368c351b12{height:75px;}<\/style>\n<div class=\"ld-empty-space ld_spacer_69d368c351b12\"><\/div><div class=\"vc_row vc_inner vc_row-fluid liquid-row-shadowbox-69d368c351c33\"><div class=\"ld-container container-fluid\"><div class=\"row ld-row ld-row-inner\"><style>@media (min-width: 992px) { .liquid-column-responsive-69d368c351e14 > .vc_column-inner {margin-bottom:0px !important;  }  } <\/style><div class=\"wpb_column vc_column_container vc_col-sm-12 vc_col-md-4 liquid-column-69d368c351e11 liquid-column-responsive-69d368c351e14\"><div class=\"vc_column-inner vc_custom_1723517407184\" ><div class=\"wpb_wrapper\" >\n\t<div  class=\"wpb_single_image wpb_content_element vc_align_  liquid_vc_single_image-69d368c353fa2\">\n\t\t\n\t\t<figure class=\"wpb_wrapper vc_figure\">\n\t\t\t<div class=\"vc_single_image-wrapper\"><img decoding=\"async\" width=\"375\" height=\"375\" src=\"data:image\/svg+xml;charset=utf-8,%3Csvg xmlns%3D&#039;http%3A%2F%2Fwww.w3.org%2F2000%2Fsvg&#039; viewBox%3D&#039;0 0 375 375&#039;%2F%3E\" class=\"vc_single_image-img attachment-full ld-lazyload\" alt=\"\" title=\"Harry\" itemprop=\"image\" data-src=\"https:\/\/fndgroup.co.nz\/wp-content\/uploads\/2024\/08\/Harry.png\" data-srcset=\"https:\/\/fndgroup.co.nz\/wp-content\/uploads\/2024\/08\/Harry.png 375w, https:\/\/fndgroup.co.nz\/wp-content\/uploads\/2024\/08\/Harry-300x300.png 300w, https:\/\/fndgroup.co.nz\/wp-content\/uploads\/2024\/08\/Harry-150x150.png 150w, https:\/\/fndgroup.co.nz\/wp-content\/uploads\/2024\/08\/Harry-12x12.png 12w\" data-sizes=\"(max-width: 375px) 100vw, 375px\" data-aspect=\"1\" \/><\/div>\n\t\t<\/figure>\n\t<\/div>\n<style>.ld_spacer_69d368c353ff8{height:20px;}<\/style>\n<div class=\"ld-empty-space ld_spacer_69d368c353ff8\"><\/div><style>.ld_fancy_heading_69d368c354116 p{color:#00522b;}.ld_fancy_heading_69d368c354116 .lqd-highlight-inner{height:0.275em!important;bottom:0px!important;}<\/style><div class=\"ld-fancy-heading subtitle-text ld_fancy_heading_69d368c354116\">\n\t<p class=\"ld-fh-element lqd-highlight-underline lqd-highlight-grow-left text-decoration-default\"   >  Harry Nguyen<\/p><\/div><style>.ld_fancy_heading_69d368c3542bc p{color:#00522b;}.ld_fancy_heading_69d368c3542bc p {font-weight:400; } .ld_fancy_heading_69d368c3542bc .lqd-highlight-inner{height:0.275em!important;bottom:0px!important;}.ld_fancy_heading_69d368c3542bc p {font-weight:400; } <\/style><div class=\"ld-fancy-heading subtitle-text ld_fancy_heading_69d368c3542bc\">\n\t<p class=\"ld-fh-element lqd-highlight-underline lqd-highlight-grow-left text-decoration-default\"   >  Chief Executive Officer<\/p><\/div><\/div><\/div><\/div><style>@media (min-width: 992px) { .liquid-column-responsive-69d368c3544c6 > .vc_column-inner {margin-bottom:0px !important;  }  } <\/style><div class=\"wpb_column vc_column_container vc_col-sm-12 vc_col-md-4 liquid-column-69d368c3544c4 liquid-column-responsive-69d368c3544c6\"><div class=\"vc_column-inner vc_custom_1723517427927\" ><div class=\"wpb_wrapper\" >\n\t<div  class=\"wpb_single_image wpb_content_element vc_align_  liquid_vc_single_image-69d368c35642a\">\n\t\t\n\t\t<figure class=\"wpb_wrapper vc_figure\">\n\t\t\t<div class=\"vc_single_image-wrapper\"><img decoding=\"async\" width=\"375\" height=\"375\" src=\"data:image\/svg+xml;charset=utf-8,%3Csvg xmlns%3D&#039;http%3A%2F%2Fwww.w3.org%2F2000%2Fsvg&#039; viewBox%3D&#039;0 0 375 375&#039;%2F%3E\" class=\"vc_single_image-img attachment-full ld-lazyload\" alt=\"\" title=\"Steven\" itemprop=\"image\" data-src=\"https:\/\/fndgroup.co.nz\/wp-content\/uploads\/2024\/08\/Steven.png\" data-srcset=\"https:\/\/fndgroup.co.nz\/wp-content\/uploads\/2024\/08\/Steven.png 375w, https:\/\/fndgroup.co.nz\/wp-content\/uploads\/2024\/08\/Steven-300x300.png 300w, https:\/\/fndgroup.co.nz\/wp-content\/uploads\/2024\/08\/Steven-150x150.png 150w, https:\/\/fndgroup.co.nz\/wp-content\/uploads\/2024\/08\/Steven-12x12.png 12w\" data-sizes=\"(max-width: 375px) 100vw, 375px\" data-aspect=\"1\" \/><\/div>\n\t\t<\/figure>\n\t<\/div>\n<style>.ld_spacer_69d368c356478{height:20px;}<\/style>\n<div class=\"ld-empty-space ld_spacer_69d368c356478\"><\/div><style>.ld_fancy_heading_69d368c356593 p{color:#00522b;}.ld_fancy_heading_69d368c356593 .lqd-highlight-inner{height:0.275em!important;bottom:0px!important;}<\/style><div class=\"ld-fancy-heading subtitle-text ld_fancy_heading_69d368c356593\">\n\t<p class=\"ld-fh-element lqd-highlight-underline lqd-highlight-grow-left text-decoration-default\"   >  Steven Nguyen<\/p><\/div><style>.ld_fancy_heading_69d368c356746 p{color:#00522b;}.ld_fancy_heading_69d368c356746 p {font-weight:400; } .ld_fancy_heading_69d368c356746 .lqd-highlight-inner{height:0.275em!important;bottom:0px!important;}.ld_fancy_heading_69d368c356746 p {font-weight:400; } <\/style><div class=\"ld-fancy-heading subtitle-text ld_fancy_heading_69d368c356746\">\n\t<p class=\"ld-fh-element lqd-highlight-underline lqd-highlight-grow-left text-decoration-default\"   >  Executive Director, Head Chef<\/p><\/div><\/div><\/div><\/div><div class=\"wpb_column vc_column_container vc_col-sm-12 vc_col-md-4 liquid-column-69d368c356934\"><div class=\"vc_column-inner\" ><div class=\"wpb_wrapper\" >\n\t<div  class=\"wpb_single_image wpb_content_element vc_align_  liquid_vc_single_image-69d368c358a8d\">\n\t\t\n\t\t<figure class=\"wpb_wrapper vc_figure\">\n\t\t\t<div class=\"vc_single_image-wrapper\"><img decoding=\"async\" width=\"375\" height=\"375\" src=\"data:image\/svg+xml;charset=utf-8,%3Csvg xmlns%3D&#039;http%3A%2F%2Fwww.w3.org%2F2000%2Fsvg&#039; viewBox%3D&#039;0 0 375 375&#039;%2F%3E\" class=\"vc_single_image-img attachment-full ld-lazyload\" alt=\"\" title=\"Alex\" itemprop=\"image\" data-src=\"https:\/\/fndgroup.co.nz\/wp-content\/uploads\/2024\/08\/Alex.png\" data-srcset=\"https:\/\/fndgroup.co.nz\/wp-content\/uploads\/2024\/08\/Alex.png 375w, https:\/\/fndgroup.co.nz\/wp-content\/uploads\/2024\/08\/Alex-300x300.png 300w, https:\/\/fndgroup.co.nz\/wp-content\/uploads\/2024\/08\/Alex-150x150.png 150w, https:\/\/fndgroup.co.nz\/wp-content\/uploads\/2024\/08\/Alex-12x12.png 12w\" data-sizes=\"(max-width: 375px) 100vw, 375px\" data-aspect=\"1\" \/><\/div>\n\t\t<\/figure>\n\t<\/div>\n<style>.ld_spacer_69d368c358ada{height:20px;}<\/style>\n<div class=\"ld-empty-space ld_spacer_69d368c358ada\"><\/div><style>.ld_fancy_heading_69d368c358c14 p{color:#00522b;}.ld_fancy_heading_69d368c358c14 .lqd-highlight-inner{height:0.275em!important;bottom:0px!important;}<\/style><div class=\"ld-fancy-heading subtitle-text ld_fancy_heading_69d368c358c14\">\n\t<p class=\"ld-fh-element lqd-highlight-underline lqd-highlight-grow-left text-decoration-default\"   >  Alex Nguyen<\/p><\/div><style>.ld_fancy_heading_69d368c358dc8 p{color:#00522b;}.ld_fancy_heading_69d368c358dc8 p {font-weight:400; } .ld_fancy_heading_69d368c358dc8 .lqd-highlight-inner{height:0.275em!important;bottom:0px!important;}.ld_fancy_heading_69d368c358dc8 p {font-weight:400; } <\/style><div class=\"ld-fancy-heading subtitle-text ld_fancy_heading_69d368c358dc8\">\n\t<p class=\"ld-fh-element lqd-highlight-underline lqd-highlight-grow-left text-decoration-default\"   >  Managing Director<\/p><\/div><\/div><\/div><\/div><\/div><\/div><\/div><\/div><\/div><\/div><\/div><\/div><\/section><section data-row-bg=\"https:\/\/fndgroup.co.nz\/wp-content\/uploads\/2024\/08\/About-Us-Section-Photo.png?id=199\" data-bg-image=\"url\" class=\"vc_row vc_custom_1723178732821 liquid-row-shadowbox-69d368c359064 vc_row-has-fill vc_row-has-bg lqd-has-bg-markup row-bg-appended\"><span class=\"row-bg-loader\"><\/span><div class=\"row-bg-wrap\">\n\t\t<div class=\"row-bg-inner\">\n\t\t\t<figure class=\"row-bg\" ><\/figure>\n\t\t<\/div>\n\t<\/div><div class=\"ld-container container\"><div class=\"row ld-row ld-row-outer\"><div class=\"wpb_column vc_column_container vc_col-sm-12 liquid-column-69d368c3591ee\"><div class=\"vc_column-inner\" ><div class=\"wpb_wrapper\"  ><\/div><\/div><\/div><\/div><\/div><\/section><section data-bg-image=\"url\" class=\"vc_row light-green-bg vc_custom_1723178195059 liquid-row-shadowbox-69d368c359308 vc_row-has-fill vc_row-has-bg\"><div class=\"ld-container container\"><div class=\"row ld-row ld-row-outer\"><div class=\"wpb_column vc_column_container vc_col-sm-12 vc_col-md-offset-1 vc_col-md-10 text-center liquid-column-69d368c35945f\"><div class=\"vc_column-inner\" ><div class=\"wpb_wrapper\"  >\n\t<div  class=\"wpb_single_image wpb_content_element vc_align_  liquid_vc_single_image-69d368c35ce23\">\n\t\t\n\t\t<figure class=\"wpb_wrapper vc_figure\">\n\t\t\t<div class=\"vc_single_image-wrapper\"><img decoding=\"async\" width=\"350\" height=\"129\" src=\"data:image\/svg+xml;charset=utf-8,%3Csvg xmlns%3D&#039;http%3A%2F%2Fwww.w3.org%2F2000%2Fsvg&#039; viewBox%3D&#039;0 0 350 129&#039;%2F%3E\" class=\"vc_single_image-img attachment-full ld-lazyload\" alt=\"\" title=\"Our Policy Section Title - Vietnamese\" itemprop=\"image\" data-src=\"https:\/\/fndgroup.co.nz\/wp-content\/uploads\/2024\/08\/Our-Policy-Section-Title-Vietnamese.png\" data-srcset=\"https:\/\/fndgroup.co.nz\/wp-content\/uploads\/2024\/08\/Our-Policy-Section-Title-Vietnamese.png 350w, https:\/\/fndgroup.co.nz\/wp-content\/uploads\/2024\/08\/Our-Policy-Section-Title-Vietnamese-300x111.png 300w, https:\/\/fndgroup.co.nz\/wp-content\/uploads\/2024\/08\/Our-Policy-Section-Title-Vietnamese-18x7.png 18w\" data-sizes=\"(max-width: 350px) 100vw, 350px\" data-aspect=\"2.7131782945736\" \/><\/div>\n\t\t<\/figure>\n\t<\/div>\n<style>.ld_spacer_69d368c35ce78{height:25px;}<\/style>\n<div class=\"ld-empty-space ld_spacer_69d368c35ce78\"><\/div><style>.ld_fancy_heading_69d368c35cfe1 p{color:#00522b;}.ld_fancy_heading_69d368c35cfe1 .lqd-highlight-inner{height:0.275em!important;bottom:0px!important;}<\/style><div class=\"ld-fancy-heading ld_fancy_heading_69d368c35cfe1\">\n\t<p class=\"ld-fh-element lqd-highlight-underline lqd-highlight-grow-left text-decoration-default\"   >  Ch\u00fang t\u00f4i lu\u00f4n th\u1ef1c hi\u1ec7n ch\u00ednh s\u00e1ch c\u00f4ng khai v\u00e0 minh b\u1ea1ch trong m\u1ecdi giao d\u1ecbch, gi\u00fap b\u1ea1n ho\u00e0n to\u00e0n y\u00ean t\u00e2m trong qu\u00e1 tr\u00ecnh t\u00ecm ki\u1ebfm v\u00e0 thu\u00ea m\u1eb7t b\u1eb1ng v\u00e0 thi\u1ebft l\u1eadp c\u1eeda h\u00e0ng. B\u1ea1n c\u00f3 th\u1ec3 t\u1ef1 t\u00ecm c\u00e1c \u0111\u1ecba \u0111i\u1ec3m ph\u00f9 h\u1ee3p v\u00e0 ch\u00fang t\u00f4i s\u1ebd h\u1ed7 tr\u1ee3 b\u1ea1n th\u01b0\u01a1ng l\u01b0\u1ee3ng v\u1edbi c\u00e1c ch\u1ee7 m\u1eb7t b\u1eb1ng \u0111\u1ec3 c\u00f3 \u0111\u01b0\u1ee3c gi\u00e1 thu\u00ea h\u1ee3p l\u00fd nh\u1ea5t v\u00e0 b\u1ea1n c\u0169ng c\u00f3 th\u1ec3 t\u1ef1 t\u00ecm nh\u00e0 th\u1ea7u d\u1ec3 t\u1ef1 thi\u1ebft l\u1eadp c\u1eeda h\u00e0ng cho m\u00ecnh.<\/p><\/div><\/div><\/div><\/div><\/div><\/div><\/section>","protected":false},"excerpt":{"rendered":"Get to know our story and our team FND Group was established in 2019 with the mission of bringing diners in New Zealand unique and diverse culinary experiences from around the world. Over the years, the dedication and expertise of our team has enabled FND Group to secure its position in the market and achieve [...]","protected":false},"author":1,"featured_media":0,"parent":0,"menu_order":4,"comment_status":"closed","ping_status":"closed","template":"","meta":{"_acf_changed":false,"footnotes":""},"class_list":["post-21","page","type-page","status-publish","hentry"],"acf":[],"_links":{"self":[{"href":"https:\/\/fndgroup.co.nz\/vi\/wp-json\/wp\/v2\/pages\/21","targetHints":{"allow":["GET"]}}],"collection":[{"href":"https:\/\/fndgroup.co.nz\/vi\/wp-json\/wp\/v2\/pages"}],"about":[{"href":"https:\/\/fndgroup.co.nz\/vi\/wp-json\/wp\/v2\/types\/page"}],"author":[{"embeddable":true,"href":"https:\/\/fndgroup.co.nz\/vi\/wp-json\/wp\/v2\/users\/1"}],"replies":[{"embeddable":true,"href":"https:\/\/fndgroup.co.nz\/vi\/wp-json\/wp\/v2\/comments?post=21"}],"version-history":[{"count":0,"href":"https:\/\/fndgroup.co.nz\/vi\/wp-json\/wp\/v2\/pages\/21\/revisions"}],"wp:attachment":[{"href":"https:\/\/fndgroup.co.nz\/vi\/wp-json\/wp\/v2\/media?parent=21"}],"curies":[{"name":"wp","href":"https:\/\/api.w.org\/{rel}","templated":true}]}}